{"id":798,"date":"2021-03-23T11:27:09","date_gmt":"2021-03-23T11:27:09","guid":{"rendered":"https:\/\/bwelcome-software.com\/?page_id=798"},"modified":"2025-10-22T16:56:46","modified_gmt":"2025-10-22T16:56:46","slug":"blog","status":"publish","type":"page","link":"https:\/\/bwelcome-software.com\/en\/blog\/","title":{"rendered":"Blog"},"content":{"rendered":"<div data-elementor-type=\"wp-page\" data-elementor-id=\"798\" class=\"elementor elementor-798\">\n\t\t\t\t\t\t<section class=\"elementor-section elementor-top-section elementor-element elementor-element-9ca25f8 elementor-section-boxed elementor-section-height-default elementor-section-height-default\" data-id=\"9ca25f8\" data-element_type=\"section\" data-e-type=\"section\">\n\t\t\t\t\t\t<div class=\"elementor-container elementor-column-gap-default\">\n\t\t\t\t\t<div class=\"elementor-column elementor-col-100 elementor-top-column elementor-element elementor-element-cea8f3f\" data-id=\"cea8f3f\" data-element_type=\"column\" data-e-type=\"column\">\n\t\t\t<div class=\"elementor-widget-wrap elementor-element-populated\">\n\t\t\t\t\t\t<div class=\"elementor-element elementor-element-516a720 elementor-widget elementor-widget-heading\" data-id=\"516a720\" data-element_type=\"widget\" data-e-type=\"widget\" data-widget_type=\"heading.default\">\n\t\t\t\t<div class=\"elementor-widget-container\">\n\t\t\t\t\t<h1 class=\"elementor-heading-title elementor-size-default\">Blog Onboarding | BWelcome<\/h1>\t\t\t\t<\/div>\n\t\t\t\t<\/div>\n\t\t\t\t<div class=\"elementor-element elementor-element-6713afa elementor-widget elementor-widget-spacer\" data-id=\"6713afa\" data-element_type=\"widget\" data-e-type=\"widget\" data-widget_type=\"spacer.default\">\n\t\t\t\t<div class=\"elementor-widget-container\">\n\t\t\t\t\t\t\t<div class=\"elementor-spacer\">\n\t\t\t<div class=\"elementor-spacer-inner\"><\/div>\n\t\t<\/div>\n\t\t\t\t\t\t<\/div>\n\t\t\t\t<\/div>\n\t\t\t\t<div class=\"elementor-element elementor-element-ebc0117 elementor-grid-eael-col-3 elementor-grid-tablet-eael-col-2 elementor-grid-mobile-eael-col-1 elementor-widget elementor-widget-eael-post-grid\" data-id=\"ebc0117\" data-element_type=\"widget\" data-e-type=\"widget\" data-settings=\"{&quot;eael_post_grid_columns&quot;:&quot;eael-col-3&quot;,&quot;eael_post_grid_columns_tablet&quot;:&quot;eael-col-2&quot;,&quot;eael_post_grid_columns_mobile&quot;:&quot;eael-col-1&quot;}\" data-widget_type=\"eael-post-grid.default\">\n\t\t\t\t<div class=\"elementor-widget-container\">\n\t\t\t\t\t<div id=\"eael-post-grid-ebc0117\" class=\"eael-post-grid-container\">\n            <div class=\"eael-post-grid eael-post-appender eael-post-appender-ebc0117 eael-post-grid-style-three\" data-layout-mode=\"grid\"><article class=\"eael-grid-post  eael-post-grid-column eael-pg-post-3039 category-onboarding\" data-id=\"3039\">\n        <div class=\"eael-grid-post-holder\">\n            <div class=\"eael-grid-post-holder-inner\"><div class=\"eael-entry-media\"><div class=\"eael-entry-overlay none\"><i class=\"\" aria-hidden=\"true\"><\/i><a href=\"https:\/\/bwelcome-software.com\/en\/guia-definitivo-onboarding-bem-sucedido\/\"><\/a><\/div><div class=\"eael-entry-thumbnail\">\n                 <img fetchpriority=\"high\" decoding=\"async\" width=\"1000\" height=\"1000\" src=\"https:\/\/bwelcome-software.com\/wp-content\/uploads\/2025\/10\/guia_onboarding.webp\" class=\"attachment-full size-full wp-image-3053\" alt=\"\" srcset=\"https:\/\/bwelcome-software.com\/wp-content\/uploads\/2025\/10\/guia_onboarding.webp 1000w, https:\/\/bwelcome-software.com\/wp-content\/uploads\/2025\/10\/guia_onboarding-300x300.webp 300w, https:\/\/bwelcome-software.com\/wp-content\/uploads\/2025\/10\/guia_onboarding-150x150.webp 150w, https:\/\/bwelcome-software.com\/wp-content\/uploads\/2025\/10\/guia_onboarding-768x768.webp 768w, https:\/\/bwelcome-software.com\/wp-content\/uploads\/2025\/10\/guia_onboarding-12x12.webp 12w\" sizes=\"(max-width: 1000px) 100vw, 1000px\" \/>\n             <\/div>\n        <\/div><div class=\"eael-entry-wrapper\"><header class=\"eael-entry-header\"><h1 class=\"eael-entry-title\"><a class=\"eael-grid-post-link\" href=\"https:\/\/bwelcome-software.com\/en\/guia-definitivo-onboarding-bem-sucedido\/\" title=\"The Ultimate Guide to Successful Onboarding\">The Ultimate Guide to Successful Onboarding<\/a><\/h1><\/header><div class=\"eael-entry-meta\"><\/div><div class=\"eael-entry-content\">\n                        <div class=\"eael-grid-post-excerpt\"><a href=\"https:\/\/bwelcome-software.com\/en\/guia-definitivo-onboarding-bem-sucedido\/\" class=\"eael-post-elements-readmore-btn\">SEE MORE<\/a><\/div>\n                    <\/div><\/div><\/div>\n        <\/div>\n    <\/article><article class=\"eael-grid-post  eael-post-grid-column eael-pg-post-2043 category-onboarding\" data-id=\"2043\">\n        <div class=\"eael-grid-post-holder\">\n            <div class=\"eael-grid-post-holder-inner\"><div class=\"eael-entry-media\"><div class=\"eael-entry-overlay none\"><i class=\"\" aria-hidden=\"true\"><\/i><a href=\"https:\/\/bwelcome-software.com\/en\/offboarding-em-tempos-de-pandemia\/\"><\/a><\/div><div class=\"eael-entry-thumbnail\">\n                 <img decoding=\"async\" width=\"1000\" height=\"1000\" src=\"https:\/\/bwelcome-software.com\/wp-content\/uploads\/2025\/10\/offboarding.webp\" class=\"attachment-full size-full wp-image-3056\" alt=\"Offboarding de colaboradores durante a pandemia, com foco em processos seguros e humanizados.\" srcset=\"https:\/\/bwelcome-software.com\/wp-content\/uploads\/2025\/10\/offboarding.webp 1000w, https:\/\/bwelcome-software.com\/wp-content\/uploads\/2025\/10\/offboarding-300x300.webp 300w, https:\/\/bwelcome-software.com\/wp-content\/uploads\/2025\/10\/offboarding-150x150.webp 150w, https:\/\/bwelcome-software.com\/wp-content\/uploads\/2025\/10\/offboarding-768x768.webp 768w, https:\/\/bwelcome-software.com\/wp-content\/uploads\/2025\/10\/offboarding-12x12.webp 12w\" sizes=\"(max-width: 1000px) 100vw, 1000px\" \/>\n             <\/div>\n        <\/div><div class=\"eael-entry-wrapper\"><header class=\"eael-entry-header\"><h1 class=\"eael-entry-title\"><a class=\"eael-grid-post-link\" href=\"https:\/\/bwelcome-software.com\/en\/offboarding-em-tempos-de-pandemia\/\" title=\"Offboarding in times of pandemic\">Offboarding in times of pandemic<\/a><\/h1><\/header><div class=\"eael-entry-meta\"><\/div><div class=\"eael-entry-content\">\n                        <div class=\"eael-grid-post-excerpt\"><a href=\"https:\/\/bwelcome-software.com\/en\/offboarding-em-tempos-de-pandemia\/\" class=\"eael-post-elements-readmore-btn\">SEE MORE<\/a><\/div>\n                    <\/div><\/div><\/div>\n        <\/div>\n    <\/article><article class=\"eael-grid-post  eael-post-grid-column eael-pg-post-2010 category-onboarding\" data-id=\"2010\">\n        <div class=\"eael-grid-post-holder\">\n            <div class=\"eael-grid-post-holder-inner\"><div class=\"eael-entry-media\"><div class=\"eael-entry-overlay none\"><i class=\"\" aria-hidden=\"true\"><\/i><a href=\"https:\/\/bwelcome-software.com\/en\/ligacao-onboarding-e-offboarding\/\"><\/a><\/div><div class=\"eael-entry-thumbnail\">\n                 <img decoding=\"async\" width=\"1000\" height=\"1000\" src=\"https:\/\/bwelcome-software.com\/wp-content\/uploads\/2025\/10\/ligacao_onboarding_offboarding.webp\" class=\"attachment-full size-full wp-image-3055\" alt=\"Integra\u00e7\u00e3o e sa\u00edda de colaboradores conectadas, destacando pr\u00e1ticas eficazes de onboarding e offboarding.\" srcset=\"https:\/\/bwelcome-software.com\/wp-content\/uploads\/2025\/10\/ligacao_onboarding_offboarding.webp 1000w, https:\/\/bwelcome-software.com\/wp-content\/uploads\/2025\/10\/ligacao_onboarding_offboarding-300x300.webp 300w, https:\/\/bwelcome-software.com\/wp-content\/uploads\/2025\/10\/ligacao_onboarding_offboarding-150x150.webp 150w, https:\/\/bwelcome-software.com\/wp-content\/uploads\/2025\/10\/ligacao_onboarding_offboarding-768x768.webp 768w, https:\/\/bwelcome-software.com\/wp-content\/uploads\/2025\/10\/ligacao_onboarding_offboarding-12x12.webp 12w\" sizes=\"(max-width: 1000px) 100vw, 1000px\" \/>\n             <\/div>\n        <\/div><div class=\"eael-entry-wrapper\"><header class=\"eael-entry-header\"><h1 class=\"eael-entry-title\"><a class=\"eael-grid-post-link\" href=\"https:\/\/bwelcome-software.com\/en\/ligacao-onboarding-e-offboarding\/\" title=\"The link between Onboarding and Offboarding\">The link between Onboarding and Offboarding<\/a><\/h1><\/header><div class=\"eael-entry-meta\"><\/div><div class=\"eael-entry-content\">\n                        <div class=\"eael-grid-post-excerpt\"><a href=\"https:\/\/bwelcome-software.com\/en\/ligacao-onboarding-e-offboarding\/\" class=\"eael-post-elements-readmore-btn\">SEE MORE<\/a><\/div>\n                    <\/div><\/div><\/div>\n        <\/div>\n    <\/article><article class=\"eael-grid-post  eael-post-grid-column eael-pg-post-834 category-offboarding\" data-id=\"834\">\n        <div class=\"eael-grid-post-holder\">\n            <div class=\"eael-grid-post-holder-inner\"><div class=\"eael-entry-media\"><div class=\"eael-entry-overlay none\"><i class=\"\" aria-hidden=\"true\"><\/i><a href=\"https:\/\/bwelcome-software.com\/en\/desvinculacao-o-novo-offboarding\/\"><\/a><\/div><div class=\"eael-entry-thumbnail\">\n                 <img loading=\"lazy\" decoding=\"async\" width=\"1000\" height=\"1000\" src=\"https:\/\/bwelcome-software.com\/wp-content\/uploads\/2025\/10\/desvincular.webp\" class=\"attachment-full size-full wp-image-3052\" alt=\"Desvincula\u00e7\u00e3o de colaboradores como abordagem moderna de offboarding, centrada em experi\u00eancia e continuidade organizacional.\" srcset=\"https:\/\/bwelcome-software.com\/wp-content\/uploads\/2025\/10\/desvincular.webp 1000w, https:\/\/bwelcome-software.com\/wp-content\/uploads\/2025\/10\/desvincular-300x300.webp 300w, https:\/\/bwelcome-software.com\/wp-content\/uploads\/2025\/10\/desvincular-150x150.webp 150w, https:\/\/bwelcome-software.com\/wp-content\/uploads\/2025\/10\/desvincular-768x768.webp 768w, https:\/\/bwelcome-software.com\/wp-content\/uploads\/2025\/10\/desvincular-12x12.webp 12w\" sizes=\"(max-width: 1000px) 100vw, 1000px\" \/>\n             <\/div>\n        <\/div><div class=\"eael-entry-wrapper\"><header class=\"eael-entry-header\"><h1 class=\"eael-entry-title\"><a class=\"eael-grid-post-link\" href=\"https:\/\/bwelcome-software.com\/en\/desvinculacao-o-novo-offboarding\/\" title=\"Untying, the new Offboarding\">Untying, the new Offboarding<\/a><\/h1><\/header><div class=\"eael-entry-meta\"><\/div><div class=\"eael-entry-content\">\n                        <div class=\"eael-grid-post-excerpt\"><a href=\"https:\/\/bwelcome-software.com\/en\/desvinculacao-o-novo-offboarding\/\" class=\"eael-post-elements-readmore-btn\">SEE MORE<\/a><\/div>\n                    <\/div><\/div><\/div>\n        <\/div>\n    <\/article><article class=\"eael-grid-post  eael-post-grid-column eael-pg-post-827 category-crossboarding\" data-id=\"827\">\n        <div class=\"eael-grid-post-holder\">\n            <div class=\"eael-grid-post-holder-inner\"><div class=\"eael-entry-media\"><div class=\"eael-entry-overlay none\"><i class=\"\" aria-hidden=\"true\"><\/i><a href=\"https:\/\/bwelcome-software.com\/en\/crossboarding-gestao-recursos-humanos\/\"><\/a><\/div><div class=\"eael-entry-thumbnail\">\n                 <img loading=\"lazy\" decoding=\"async\" width=\"1000\" height=\"1000\" src=\"https:\/\/bwelcome-software.com\/wp-content\/uploads\/2025\/10\/crossboarding.webp\" class=\"attachment-full size-full wp-image-3051\" alt=\"Crossboarding na gest\u00e3o de RH, com foco em mobilidade interna e desenvolvimento de colaboradores.\" srcset=\"https:\/\/bwelcome-software.com\/wp-content\/uploads\/2025\/10\/crossboarding.webp 1000w, https:\/\/bwelcome-software.com\/wp-content\/uploads\/2025\/10\/crossboarding-300x300.webp 300w, https:\/\/bwelcome-software.com\/wp-content\/uploads\/2025\/10\/crossboarding-150x150.webp 150w, https:\/\/bwelcome-software.com\/wp-content\/uploads\/2025\/10\/crossboarding-768x768.webp 768w, https:\/\/bwelcome-software.com\/wp-content\/uploads\/2025\/10\/crossboarding-12x12.webp 12w\" sizes=\"(max-width: 1000px) 100vw, 1000px\" \/>\n             <\/div>\n        <\/div><div class=\"eael-entry-wrapper\"><header class=\"eael-entry-header\"><h1 class=\"eael-entry-title\"><a class=\"eael-grid-post-link\" href=\"https:\/\/bwelcome-software.com\/en\/crossboarding-gestao-recursos-humanos\/\" title=\"Crossboarding na Gest\u00e3o de Recursos Humanos\">Crossboarding na Gest\u00e3o de Recursos Humanos<\/a><\/h1><\/header><div class=\"eael-entry-meta\"><\/div><div class=\"eael-entry-content\">\n                        <div class=\"eael-grid-post-excerpt\"><a href=\"https:\/\/bwelcome-software.com\/en\/crossboarding-gestao-recursos-humanos\/\" class=\"eael-post-elements-readmore-btn\">SEE MORE<\/a><\/div>\n                    <\/div><\/div><\/div>\n        <\/div>\n    <\/article><article class=\"eael-grid-post  eael-post-grid-column eael-pg-post-803 category-onboarding\" data-id=\"803\">\n        <div class=\"eael-grid-post-holder\">\n            <div class=\"eael-grid-post-holder-inner\"><div class=\"eael-entry-media\"><div class=\"eael-entry-overlay none\"><i class=\"\" aria-hidden=\"true\"><\/i><a href=\"https:\/\/bwelcome-software.com\/en\/a-chegada-do-onboarding\/\"><\/a><\/div><div class=\"eael-entry-thumbnail\">\n                 <img loading=\"lazy\" decoding=\"async\" width=\"1000\" height=\"1000\" src=\"https:\/\/bwelcome-software.com\/wp-content\/uploads\/2025\/10\/inicio_onboarding.webp\" class=\"attachment-full size-full wp-image-3054\" alt=\"Integra\u00e7\u00e3o de novos colaboradores atrav\u00e9s do onboarding, mostrando passos iniciais e melhores pr\u00e1ticas.\" srcset=\"https:\/\/bwelcome-software.com\/wp-content\/uploads\/2025\/10\/inicio_onboarding.webp 1000w, https:\/\/bwelcome-software.com\/wp-content\/uploads\/2025\/10\/inicio_onboarding-300x300.webp 300w, https:\/\/bwelcome-software.com\/wp-content\/uploads\/2025\/10\/inicio_onboarding-150x150.webp 150w, https:\/\/bwelcome-software.com\/wp-content\/uploads\/2025\/10\/inicio_onboarding-768x768.webp 768w, https:\/\/bwelcome-software.com\/wp-content\/uploads\/2025\/10\/inicio_onboarding-12x12.webp 12w\" sizes=\"(max-width: 1000px) 100vw, 1000px\" \/>\n             <\/div>\n        <\/div><div class=\"eael-entry-wrapper\"><header class=\"eael-entry-header\"><h1 class=\"eael-entry-title\"><a class=\"eael-grid-post-link\" href=\"https:\/\/bwelcome-software.com\/en\/a-chegada-do-onboarding\/\" title=\"The arrival of Onboarding\">The arrival of Onboarding<\/a><\/h1><\/header><div class=\"eael-entry-meta\"><\/div><div class=\"eael-entry-content\">\n                        <div class=\"eael-grid-post-excerpt\"><a href=\"https:\/\/bwelcome-software.com\/en\/a-chegada-do-onboarding\/\" class=\"eael-post-elements-readmore-btn\">SEE MORE<\/a><\/div>\n                    <\/div><\/div><\/div>\n        <\/div>\n    <\/article><\/div>\n            <div class=\"clearfix\"><\/div>\n        <\/div>\t\t\t\t<\/div>\n\t\t\t\t<\/div>\n\t\t\t\t<div class=\"elementor-element elementor-element-3edd2c8 elementor-widget elementor-widget-spacer\" data-id=\"3edd2c8\" data-element_type=\"widget\" data-e-type=\"widget\" data-widget_type=\"spacer.default\">\n\t\t\t\t<div class=\"elementor-widget-container\">\n\t\t\t\t\t\t\t<div class=\"elementor-spacer\">\n\t\t\t<div class=\"elementor-spacer-inner\"><\/div>\n\t\t<\/div>\n\t\t\t\t\t\t<\/div>\n\t\t\t\t<\/div>\n\t\t\t\t\t<\/div>\n\t\t<\/div>\n\t\t\t\t\t<\/div>\n\t\t<\/section>\n\t\t\t\t<\/div>","protected":false},"excerpt":{"rendered":"<p>Blog Onboarding | BWelcome O Guia Definitivo para um Onboarding Bem-Sucedido LER MAIS Offboarding em tempos de pandemia LER MAIS A liga\u00e7\u00e3o entre o Onboarding e Offboarding LER MAIS Desvincula\u00e7\u00e3o, o novo Offboarding LER MAIS Crossboarding na Gest\u00e3o de Recursos Humanos LER MAIS A chegada do Onboarding LER MAIS<\/p>","protected":false},"author":2,"featured_media":3076,"parent":0,"menu_order":0,"comment_status":"closed","ping_status":"closed","template":"elementor_canvas","meta":{"footnotes":""},"class_list":["post-798","page","type-page","status-publish","has-post-thumbnail","hentry"],"_links":{"self":[{"href":"https:\/\/bwelcome-software.com\/en\/wp-json\/wp\/v2\/pages\/798","targetHints":{"allow":["GET"]}}],"collection":[{"href":"https:\/\/bwelcome-software.com\/en\/wp-json\/wp\/v2\/pages"}],"about":[{"href":"https:\/\/bwelcome-software.com\/en\/wp-json\/wp\/v2\/types\/page"}],"author":[{"embeddable":true,"href":"https:\/\/bwelcome-software.com\/en\/wp-json\/wp\/v2\/users\/2"}],"replies":[{"embeddable":true,"href":"https:\/\/bwelcome-software.com\/en\/wp-json\/wp\/v2\/comments?post=798"}],"version-history":[{"count":9,"href":"https:\/\/bwelcome-software.com\/en\/wp-json\/wp\/v2\/pages\/798\/revisions"}],"predecessor-version":[{"id":3078,"href":"https:\/\/bwelcome-software.com\/en\/wp-json\/wp\/v2\/pages\/798\/revisions\/3078"}],"wp:featuredmedia":[{"embeddable":true,"href":"https:\/\/bwelcome-software.com\/en\/wp-json\/wp\/v2\/media\/3076"}],"wp:attachment":[{"href":"https:\/\/bwelcome-software.com\/en\/wp-json\/wp\/v2\/media?parent=798"}],"curies":[{"name":"wp","href":"https:\/\/api.w.org\/{rel}","templated":true}]}}