{"id":288,"date":"2021-03-17T10:01:33","date_gmt":"2021-03-17T10:01:33","guid":{"rendered":"https:\/\/bwelcome-software.com\/?page_id=288"},"modified":"2025-01-31T16:19:52","modified_gmt":"2025-01-31T16:19:52","slug":"demo-gratuita","status":"publish","type":"page","link":"https:\/\/bwelcome-software.com\/en\/demo-gratuita\/","title":{"rendered":"Demo"},"content":{"rendered":"\t\t<div data-elementor-type=\"wp-page\" data-elementor-id=\"288\" class=\"elementor elementor-288\">\n\t\t\t\t\t\t<section class=\"elementor-section elementor-top-section elementor-element elementor-element-ef2a19d elementor-section-full_width elementor-section-height-default elementor-section-height-default\" data-id=\"ef2a19d\" data-element_type=\"section\" data-e-type=\"section\" data-no-translation=\"\">\n\t\t\t\t\t\t<div class=\"elementor-container elementor-column-gap-default\">\n\t\t\t\t\t<div class=\"elementor-column elementor-col-100 elementor-top-column elementor-element elementor-element-fa44223\" data-id=\"fa44223\" data-element_type=\"column\" data-e-type=\"column\">\n\t\t\t<div class=\"elementor-widget-wrap elementor-element-populated\">\n\t\t\t\t\t\t<div class=\"elementor-element elementor-element-4f7cccb elementor-widget elementor-widget-image\" data-id=\"4f7cccb\" data-element_type=\"widget\" data-e-type=\"widget\" data-widget_type=\"image.default\">\n\t\t\t\t<div class=\"elementor-widget-container\">\n\t\t\t\t\t\t\t\t\t\t\t\t\t\t\t\t<a href=\"#form\">\n\t\t\t\t\t\t\t<img fetchpriority=\"high\" decoding=\"async\" width=\"768\" height=\"614\" src=\"https:\/\/bwelcome-software.com\/wp-content\/uploads\/2025\/01\/NA-VANGUARDA-DA-RETENCAO-DE-TALENTO_en-768x614.webp\" class=\"attachment-medium_large size-medium_large wp-image-2763\" alt=\"Demo Gratuita\" srcset=\"https:\/\/bwelcome-software.com\/wp-content\/uploads\/2025\/01\/NA-VANGUARDA-DA-RETENCAO-DE-TALENTO_en-768x614.webp 768w, https:\/\/bwelcome-software.com\/wp-content\/uploads\/2025\/01\/NA-VANGUARDA-DA-RETENCAO-DE-TALENTO_en-300x240.webp 300w, https:\/\/bwelcome-software.com\/wp-content\/uploads\/2025\/01\/NA-VANGUARDA-DA-RETENCAO-DE-TALENTO_en-1024x819.webp 1024w, https:\/\/bwelcome-software.com\/wp-content\/uploads\/2025\/01\/NA-VANGUARDA-DA-RETENCAO-DE-TALENTO_en-15x12.webp 15w, https:\/\/bwelcome-software.com\/wp-content\/uploads\/2025\/01\/NA-VANGUARDA-DA-RETENCAO-DE-TALENTO_en.webp 1250w\" sizes=\"(max-width: 768px) 100vw, 768px\" \/>\t\t\t\t\t\t\t\t<\/a>\n\t\t\t\t\t\t\t\t\t\t\t\t\t\t\t<\/div>\n\t\t\t\t<\/div>\n\t\t\t\t\t<\/div>\n\t\t<\/div>\n\t\t\t\t\t<\/div>\n\t\t<\/section>\n\t\t\t\t<section class=\"elementor-section elementor-top-section elementor-element elementor-element-6b120ea elementor-section-boxed elementor-section-height-default elementor-section-height-default\" data-id=\"6b120ea\" data-element_type=\"section\" data-e-type=\"section\">\n\t\t\t\t\t\t<div class=\"elementor-container elementor-column-gap-default\">\n\t\t\t\t\t<div class=\"elementor-column elementor-col-100 elementor-top-column elementor-element elementor-element-3fe3b4e\" data-id=\"3fe3b4e\" data-element_type=\"column\" data-e-type=\"column\">\n\t\t\t<div class=\"elementor-widget-wrap elementor-element-populated\">\n\t\t\t\t\t\t<div class=\"elementor-element elementor-element-5c51d4a elementor-widget elementor-widget-spacer\" data-id=\"5c51d4a\" data-element_type=\"widget\" data-e-type=\"widget\" data-widget_type=\"spacer.default\">\n\t\t\t\t<div class=\"elementor-widget-container\">\n\t\t\t\t\t\t\t<div class=\"elementor-spacer\">\n\t\t\t<div class=\"elementor-spacer-inner\"><\/div>\n\t\t<\/div>\n\t\t\t\t\t\t<\/div>\n\t\t\t\t<\/div>\n\t\t\t\t<div class=\"elementor-element elementor-element-39f7f51 elementor-widget elementor-widget-heading\" data-id=\"39f7f51\" data-element_type=\"widget\" data-e-type=\"widget\" data-widget_type=\"heading.default\">\n\t\t\t\t<div class=\"elementor-widget-container\">\n\t\t\t\t\t<h1 class=\"elementor-heading-title elementor-size-default\">Pe\u00e7a j\u00e1 a sua Demo Gratuita!<\/h1>\t\t\t\t<\/div>\n\t\t\t\t<\/div>\n\t\t\t\t<div class=\"elementor-element elementor-element-8d8ea7b elementor-widget elementor-widget-heading\" data-id=\"8d8ea7b\" data-element_type=\"widget\" data-e-type=\"widget\" data-widget_type=\"heading.default\">\n\t\t\t\t<div class=\"elementor-widget-container\">\n\t\t\t\t\t<h2 class=\"elementor-heading-title elementor-size-default\">Envie-nos os seus dados e conhe\u00e7a todas as potencialidades do BWelcome.<\/h2>\t\t\t\t<\/div>\n\t\t\t\t<\/div>\n\t\t\t\t\t<\/div>\n\t\t<\/div>\n\t\t\t\t\t<\/div>\n\t\t<\/section>\n\t\t\t\t<section class=\"elementor-section elementor-top-section elementor-element elementor-element-9c30c08 elementor-section-boxed elementor-section-height-default elementor-section-height-default\" data-id=\"9c30c08\" data-element_type=\"section\" data-e-type=\"section\">\n\t\t\t\t\t\t<div class=\"elementor-container elementor-column-gap-default\">\n\t\t\t\t\t<div class=\"elementor-column elementor-col-100 elementor-top-column elementor-element elementor-element-d412d91\" data-id=\"d412d91\" data-element_type=\"column\" data-e-type=\"column\">\n\t\t\t<div class=\"elementor-widget-wrap elementor-element-populated\">\n\t\t\t\t\t\t<div class=\"elementor-element elementor-element-aaa315c eael-wpforms-labels-yes eael-wpforms-form-button-custom elementor-widget elementor-widget-eael-wpforms\" data-id=\"aaa315c\" data-element_type=\"widget\" data-e-type=\"widget\" id=\"form\" data-widget_type=\"eael-wpforms.default\">\n\t\t\t\t<div class=\"elementor-widget-container\">\n\t\t\t\t\t            <div class=\"eael-contact-form eael-wpforms eael-custom-radio-checkbox eael-wpforms-align-default\">\n                                <div class=\"wpforms-container wpforms-container-full\" id=\"wpforms-2163\"><form id=\"wpforms-form-2163\" class=\"wpforms-validate wpforms-form\" data-formid=\"2163\" method=\"post\" enctype=\"multipart\/form-data\" action=\"\/en\/wp-json\/wp\/v2\/pages\/288\" data-token=\"2dc940fbf047d6478be8aa373487ca70\" data-token-time=\"1776382992\"><div class=\"wpforms-head-container\"><\/div><noscript class=\"wpforms-error-noscript\">Please enable JavaScript in your browser to complete this form.<\/noscript><div class=\"wpforms-field-container\"><div id=\"wpforms-2163-field_0-container\" class=\"wpforms-field wpforms-field-name wpforms-one-half wpforms-first\" data-field-id=\"0\"><label class=\"wpforms-field-label\" for=\"wpforms-2163-field_0\">Nome <span class=\"wpforms-required-label\">*<\/span><\/label><input type=\"text\" id=\"wpforms-2163-field_0\" class=\"wpforms-field-medium wpforms-field-required\" name=\"wpforms[fields][0]\" required><\/div><div id=\"wpforms-2163-field_1-container\" class=\"wpforms-field wpforms-field-email wpforms-one-half\" data-field-id=\"1\"><label class=\"wpforms-field-label\" for=\"wpforms-2163-field_1\">Email <span class=\"wpforms-required-label\">*<\/span><\/label><input type=\"email\" id=\"wpforms-2163-field_1\" class=\"wpforms-field-medium wpforms-field-required\" data-rule-restricted-email=\"1\" name=\"wpforms[fields][1]\" placeholder=\"Por favor, utilize um endere\u00e7o de email profissional ou corporativo.\" spellcheck=\"false\" required><\/div><div id=\"wpforms-2163-field_9-container\" class=\"wpforms-field wpforms-field-text wpforms-one-half wpforms-first\" data-field-id=\"9\"><label class=\"wpforms-field-label\" for=\"wpforms-2163-field_9\">Contacto telef\u00f3nico <span class=\"wpforms-required-label\">*<\/span><\/label><input type=\"text\" id=\"wpforms-2163-field_9\" class=\"wpforms-field-medium wpforms-field-required\" name=\"wpforms[fields][9]\" required><\/div><div id=\"wpforms-2163-field_10-container\" class=\"wpforms-field wpforms-field-text wpforms-one-half\" data-field-id=\"10\"><label class=\"wpforms-field-label\" for=\"wpforms-2163-field_10\">Fun\u00e7\u00e3o <span class=\"wpforms-required-label\">*<\/span><\/label><input type=\"text\" id=\"wpforms-2163-field_10\" class=\"wpforms-field-medium wpforms-field-required\" name=\"wpforms[fields][10]\" required><\/div><div id=\"wpforms-2163-field_11-container\" class=\"wpforms-field wpforms-field-text wpforms-one-half wpforms-first\" data-field-id=\"11\"><label class=\"wpforms-field-label\" for=\"wpforms-2163-field_11\">Nome da Organiza\u00e7\u00e3o <span class=\"wpforms-required-label\">*<\/span><\/label><input type=\"text\" id=\"wpforms-2163-field_11\" class=\"wpforms-field-medium wpforms-field-required\" name=\"wpforms[fields][11]\" required><\/div><div id=\"wpforms-2163-field_12-container\" class=\"wpforms-field wpforms-field-text wpforms-one-half\" data-field-id=\"12\"><label class=\"wpforms-field-label\" for=\"wpforms-2163-field_12\">N\u00famero de Colaboradores <span class=\"wpforms-required-label\">*<\/span><\/label><input type=\"text\" id=\"wpforms-2163-field_12\" class=\"wpforms-field-medium wpforms-field-required\" name=\"wpforms[fields][12]\" required><\/div><div id=\"wpforms-2163-field_13-container\" class=\"wpforms-field wpforms-field-checkbox\" data-field-id=\"13\"><label class=\"wpforms-field-label\">Pol\u00edtica de Privacidade <span class=\"wpforms-required-label\">*<\/span><\/label><ul id=\"wpforms-2163-field_13\" class=\"wpforms-field-required\"><li class=\"choice-1 depth-1\"><input type=\"checkbox\" id=\"wpforms-2163-field_13_1\" name=\"wpforms[fields][13][]\" value=\"Ao submeter este formul\u00e1rio consente o tratamento dos seus dados pessoais. Por favor, leia a pol\u00edtica de privacidade em rodap\u00e9.\" required ><label class=\"wpforms-field-label-inline\" for=\"wpforms-2163-field_13_1\">Ao submeter este formul\u00e1rio consente o tratamento dos seus dados pessoais. Por favor, leia a pol\u00edtica de privacidade em rodap\u00e9.<\/label><\/li><\/ul><\/div><div id=\"wpforms-2163-field_7-container\" class=\"wpforms-field wpforms-field-checkbox\" data-field-id=\"7\"><ul id=\"wpforms-2163-field_7\"><li class=\"choice-1 depth-1\"><input type=\"checkbox\" id=\"wpforms-2163-field_7_1\" name=\"wpforms[fields][7][]\" value=\"Quero receber as novidades do Blog BWelcome\"  ><label class=\"wpforms-field-label-inline\" for=\"wpforms-2163-field_7_1\">Quero receber as novidades do Blog BWelcome<\/label><\/li><\/ul><\/div><\/div><!-- .wpforms-field-container --><div class=\"wpforms-recaptcha-container wpforms-is-recaptcha wpforms-is-recaptcha-type-v3\" ><input type=\"hidden\" name=\"wpforms[recaptcha]\" value=\"\"><\/div><div class=\"wpforms-submit-container\" ><input type=\"hidden\" name=\"wpforms[id]\" value=\"2163\"><input type=\"hidden\" name=\"page_title\" value=\"\"><input type=\"hidden\" name=\"page_url\" value=\"https:\/\/bwelcome-software.com\/en\/wp-json\/wp\/v2\/pages\/288\"><input type=\"hidden\" name=\"url_referer\" value=\"\"><button type=\"submit\" name=\"wpforms[submit]\" id=\"wpforms-submit-2163\" class=\"wpforms-submit\" aria-live=\"assertive\" value=\"wpforms-submit\">Enviar<\/button><\/div><\/form><\/div>  <!-- .wpforms-container -->            <\/div>\n\t\t\t\t<\/div>\n\t\t\t\t<\/div>\n\t\t\t\t\t<\/div>\n\t\t<\/div>\n\t\t\t\t\t<\/div>\n\t\t<\/section>\n\t\t\t\t<\/div>\n\t\t","protected":false},"excerpt":{"rendered":"<p>Pe\u00e7a j\u00e1 a sua Demo Gratuita! Envie-nos os seus dados e conhe\u00e7a todas as potencialidades do BWelcome. Please enable JavaScript in your browser to complete this form.Nome *Email *Contacto telef\u00f3nico *Fun\u00e7\u00e3o *Nome da Organiza\u00e7\u00e3o *N\u00famero de pessoas contratadas\/ano * Quero receber as novidades do Blog BWelcome Ao submeter este formul\u00e1rio consente o tratamento dos seus [&hellip;]<\/p>\n","protected":false},"author":2,"featured_media":2759,"parent":0,"menu_order":0,"comment_status":"closed","ping_status":"closed","template":"elementor_canvas","meta":{"footnotes":""},"class_list":["post-288","page","type-page","status-publish","has-post-thumbnail","hentry"],"_links":{"self":[{"href":"https:\/\/bwelcome-software.com\/en\/wp-json\/wp\/v2\/pages\/288","targetHints":{"allow":["GET"]}}],"collection":[{"href":"https:\/\/bwelcome-software.com\/en\/wp-json\/wp\/v2\/pages"}],"about":[{"href":"https:\/\/bwelcome-software.com\/en\/wp-json\/wp\/v2\/types\/page"}],"author":[{"embeddable":true,"href":"https:\/\/bwelcome-software.com\/en\/wp-json\/wp\/v2\/users\/2"}],"replies":[{"embeddable":true,"href":"https:\/\/bwelcome-software.com\/en\/wp-json\/wp\/v2\/comments?post=288"}],"version-history":[{"count":0,"href":"https:\/\/bwelcome-software.com\/en\/wp-json\/wp\/v2\/pages\/288\/revisions"}],"wp:featuredmedia":[{"embeddable":true,"href":"https:\/\/bwelcome-software.com\/en\/wp-json\/wp\/v2\/media\/2759"}],"wp:attachment":[{"href":"https:\/\/bwelcome-software.com\/en\/wp-json\/wp\/v2\/media?parent=288"}],"curies":[{"name":"wp","href":"https:\/\/api.w.org\/{rel}","templated":true}]}}