{"id":196,"date":"2021-03-15T15:16:17","date_gmt":"2021-03-15T15:16:17","guid":{"rendered":"https:\/\/bwelcome-software.com\/?page_id=196"},"modified":"2025-01-31T14:58:33","modified_gmt":"2025-01-31T14:58:33","slug":"sobre","status":"publish","type":"page","link":"https:\/\/bwelcome-software.com\/en\/sobre\/","title":{"rendered":"About"},"content":{"rendered":"<div data-elementor-type=\"wp-page\" data-elementor-id=\"196\" class=\"elementor elementor-196\">\n\t\t\t\t\t\t<section class=\"elementor-section elementor-top-section elementor-element elementor-element-10dba54 elementor-section-full_width elementor-section-height-default elementor-section-height-default\" data-id=\"10dba54\" data-element_type=\"section\" data-e-type=\"section\">\n\t\t\t\t\t\t<div class=\"elementor-container elementor-column-gap-default\">\n\t\t\t\t\t<div class=\"elementor-column elementor-col-100 elementor-top-column elementor-element elementor-element-f4e7fc2\" data-id=\"f4e7fc2\" data-element_type=\"column\" data-e-type=\"column\">\n\t\t\t<div class=\"elementor-widget-wrap elementor-element-populated\">\n\t\t\t\t\t\t<div class=\"elementor-element elementor-element-b28162a elementor-widget elementor-widget-image-carousel\" data-id=\"b28162a\" data-element_type=\"widget\" data-e-type=\"widget\" data-settings=\"{&quot;slides_to_show&quot;:&quot;1&quot;,&quot;navigation&quot;:&quot;none&quot;,&quot;autoplay&quot;:&quot;yes&quot;,&quot;pause_on_hover&quot;:&quot;yes&quot;,&quot;pause_on_interaction&quot;:&quot;yes&quot;,&quot;autoplay_speed&quot;:5000,&quot;infinite&quot;:&quot;yes&quot;,&quot;effect&quot;:&quot;slide&quot;,&quot;speed&quot;:500}\" data-widget_type=\"image-carousel.default\">\n\t\t\t\t<div class=\"elementor-widget-container\">\n\t\t\t\t\t\t\t<div class=\"elementor-image-carousel-wrapper swiper\" role=\"region\" aria-roledescription=\"carousel\" aria-label=\"Carrossel de imagens\" dir=\"ltr\">\n\t\t\t<div class=\"elementor-image-carousel swiper-wrapper\" aria-live=\"off\">\n\t\t\t\t\t\t\t\t<div class=\"swiper-slide\" role=\"group\" aria-roledescription=\"slide\" aria-label=\"1 of 1\"><figure class=\"swiper-slide-inner\"><img decoding=\"async\" class=\"swiper-slide-image\" src=\"https:\/\/bwelcome-software.com\/wp-content\/uploads\/2025\/01\/banner-web-sobre-nos-texto-ezgif.com-jpg-to-webp-converter.webp\" alt=\"Software Onboarding\" \/><\/figure><\/div>\t\t\t<\/div>\n\t\t\t\t\t<\/div>\n\t\t\t\t\t\t<\/div>\n\t\t\t\t<\/div>\n\t\t\t\t\t<\/div>\n\t\t<\/div>\n\t\t\t\t\t<\/div>\n\t\t<\/section>\n\t\t\t\t<section class=\"elementor-section elementor-top-section elementor-element elementor-element-d39abaf elementor-section-boxed elementor-section-height-default elementor-section-height-default\" data-id=\"d39abaf\" data-element_type=\"section\" data-e-type=\"section\">\n\t\t\t\t\t\t<div class=\"elementor-container elementor-column-gap-default\">\n\t\t\t\t\t<div class=\"elementor-column elementor-col-100 elementor-top-column elementor-element elementor-element-61ac1a1\" data-id=\"61ac1a1\" data-element_type=\"column\" data-e-type=\"column\">\n\t\t\t<div class=\"elementor-widget-wrap elementor-element-populated\">\n\t\t\t\t\t\t<div class=\"elementor-element elementor-element-06f34f5 elementor-widget elementor-widget-spacer\" data-id=\"06f34f5\" data-element_type=\"widget\" data-e-type=\"widget\" data-widget_type=\"spacer.default\">\n\t\t\t\t<div class=\"elementor-widget-container\">\n\t\t\t\t\t\t\t<div class=\"elementor-spacer\">\n\t\t\t<div class=\"elementor-spacer-inner\"><\/div>\n\t\t<\/div>\n\t\t\t\t\t\t<\/div>\n\t\t\t\t<\/div>\n\t\t\t\t<div class=\"elementor-element elementor-element-b8861ff elementor-widget elementor-widget-heading\" data-id=\"b8861ff\" data-element_type=\"widget\" data-e-type=\"widget\" data-widget_type=\"heading.default\">\n\t\t\t\t<div class=\"elementor-widget-container\">\n\t\t\t\t\t<h2 class=\"elementor-heading-title elementor-size-default\">Say hello to a better work-life<\/h2>\t\t\t\t<\/div>\n\t\t\t\t<\/div>\n\t\t\t\t<div class=\"elementor-element elementor-element-bf5b480 elementor-widget elementor-widget-heading\" data-id=\"bf5b480\" data-element_type=\"widget\" data-e-type=\"widget\" data-widget_type=\"heading.default\">\n\t\t\t\t<div class=\"elementor-widget-container\">\n\t\t\t\t\t<h5 class=\"elementor-heading-title elementor-size-default\">- Human Resources Software - <\/h5>\t\t\t\t<\/div>\n\t\t\t\t<\/div>\n\t\t\t\t<div class=\"elementor-element elementor-element-0ca4c37 elementor-widget elementor-widget-text-editor\" data-id=\"0ca4c37\" data-element_type=\"widget\" data-e-type=\"widget\" data-widget_type=\"text-editor.default\">\n\t\t\t\t<div class=\"elementor-widget-container\">\n\t\t\t\t\t\t\t\t\t<div>BWelcome is a\u00a0<a href=\"https:\/\/www.uman.pt\/\" target=\"_blank\" rel=\"noopener\" data-saferedirecturl=\"https:\/\/www.google.com\/url?q=http:\/\/www.uman.pt\/&amp;source=gmail&amp;ust=1616505047605000&amp;usg=AFQjCNESZBAt1tkb6dRoM42a45ZM35zeiA\"><span style=\"color: #003366;\"><strong>uMan Xpert<\/strong>, <\/span><\/a>signature project, a company with more than 20 years of experience in the development and implementation of specialized software in human resources.<\/div><div>\u00a0<\/div><div class=\"translation-block\">There are more than <b>150 uMan Xpert Customers <\/b>\u00a0who attest our maturity in delivering Value Added Solutions.<\/div><p>Thus, we direct the investment towards a global and integrated response to the processes of Human Capital, automating, whenever possible, the daily tasks of the HR department.<\/p><p>So that our Clients are able to retain Talent in their Organizations, we have evolved in areas such as Motivational Climate, Performance Management, the Employee Portal and, of course, Onboarding, with BWelcome!<\/p><p>To this avant-garde software, which we call uMan Global HR, with a simple interface and aligned with the needs of the user, we add an experienced team, motivated to innovate and overcome all challenges.<\/p><p>With uMan Global HR managing people and automating processes has never been easier!<\/p>\t\t\t\t\t\t\t\t<\/div>\n\t\t\t\t<\/div>\n\t\t\t\t<div class=\"elementor-element elementor-element-c61bc05 elementor-widget elementor-widget-image\" data-id=\"c61bc05\" data-element_type=\"widget\" data-e-type=\"widget\" data-widget_type=\"image.default\">\n\t\t\t\t<div class=\"elementor-widget-container\">\n\t\t\t\t\t\t\t\t\t\t\t\t\t\t\t\t<a href=\"https:\/\/bwelcome-software.com\/en\/\">\n\t\t\t\t\t\t\t<img fetchpriority=\"high\" decoding=\"async\" width=\"512\" height=\"512\" src=\"https:\/\/bwelcome-software.com\/wp-content\/uploads\/2025\/01\/Bwelcome_home.jpg\" class=\"attachment-medium_large size-medium_large wp-image-2759\" alt=\"Onboarding BWelcome\" srcset=\"https:\/\/bwelcome-software.com\/wp-content\/uploads\/2025\/01\/Bwelcome_home.jpg 512w, https:\/\/bwelcome-software.com\/wp-content\/uploads\/2025\/01\/Bwelcome_home-300x300.jpg 300w, https:\/\/bwelcome-software.com\/wp-content\/uploads\/2025\/01\/Bwelcome_home-150x150.jpg 150w, https:\/\/bwelcome-software.com\/wp-content\/uploads\/2025\/01\/Bwelcome_home-12x12.jpg 12w\" sizes=\"(max-width: 512px) 100vw, 512px\" \/>\t\t\t\t\t\t\t\t<\/a>\n\t\t\t\t\t\t\t\t\t\t\t\t\t\t\t<\/div>\n\t\t\t\t<\/div>\n\t\t\t\t<div class=\"elementor-element elementor-element-7b25049 elementor-widget elementor-widget-spacer\" data-id=\"7b25049\" data-element_type=\"widget\" data-e-type=\"widget\" data-widget_type=\"spacer.default\">\n\t\t\t\t<div class=\"elementor-widget-container\">\n\t\t\t\t\t\t\t<div class=\"elementor-spacer\">\n\t\t\t<div class=\"elementor-spacer-inner\"><\/div>\n\t\t<\/div>\n\t\t\t\t\t\t<\/div>\n\t\t\t\t<\/div>\n\t\t\t\t\t<\/div>\n\t\t<\/div>\n\t\t\t\t\t<\/div>\n\t\t<\/section>\n\t\t\t\t<\/div>","protected":false},"excerpt":{"rendered":"<p>Say hello to a better work-life &#8211; Software RH &#8211; O BWelcome \u00e9 um projeto com assinatura\u00a0uMan Xpert, uma empresa com mais de 20 anos de experi\u00eancia no desenvolvimento e implementa\u00e7\u00e3o de software especializado em recursos humanos.\u00a0S\u00e3o os mais de 150 Clientes uMan Xpert\u00a0que atestam a nossa maturidade na entrega de Solu\u00e7\u00f5es de valor acrescentado. [&hellip;]<\/p>\n","protected":false},"author":2,"featured_media":2759,"parent":0,"menu_order":0,"comment_status":"closed","ping_status":"closed","template":"elementor_canvas","meta":{"footnotes":""},"class_list":["post-196","page","type-page","status-publish","has-post-thumbnail","hentry"],"_links":{"self":[{"href":"https:\/\/bwelcome-software.com\/en\/wp-json\/wp\/v2\/pages\/196","targetHints":{"allow":["GET"]}}],"collection":[{"href":"https:\/\/bwelcome-software.com\/en\/wp-json\/wp\/v2\/pages"}],"about":[{"href":"https:\/\/bwelcome-software.com\/en\/wp-json\/wp\/v2\/types\/page"}],"author":[{"embeddable":true,"href":"https:\/\/bwelcome-software.com\/en\/wp-json\/wp\/v2\/users\/2"}],"replies":[{"embeddable":true,"href":"https:\/\/bwelcome-software.com\/en\/wp-json\/wp\/v2\/comments?post=196"}],"version-history":[{"count":0,"href":"https:\/\/bwelcome-software.com\/en\/wp-json\/wp\/v2\/pages\/196\/revisions"}],"wp:featuredmedia":[{"embeddable":true,"href":"https:\/\/bwelcome-software.com\/en\/wp-json\/wp\/v2\/media\/2759"}],"wp:attachment":[{"href":"https:\/\/bwelcome-software.com\/en\/wp-json\/wp\/v2\/media?parent=196"}],"curies":[{"name":"wp","href":"https:\/\/api.w.org\/{rel}","templated":true}]}}