{"id":1120,"date":"2021-04-27T15:24:56","date_gmt":"2021-04-27T15:24:56","guid":{"rendered":"https:\/\/bwelcome-software.com\/?page_id=1120"},"modified":"2025-01-31T14:53:48","modified_gmt":"2025-01-31T14:53:48","slug":"politica-de-privacidade","status":"publish","type":"page","link":"https:\/\/bwelcome-software.com\/en\/politica-de-privacidade\/","title":{"rendered":"Privacy Terms"},"content":{"rendered":"<div data-elementor-type=\"wp-page\" data-elementor-id=\"1120\" class=\"elementor elementor-1120\">\n\t\t\t\t\t\t<section class=\"elementor-section elementor-top-section elementor-element elementor-element-d58cd29 elementor-section-boxed elementor-section-height-default elementor-section-height-default\" data-id=\"d58cd29\" data-element_type=\"section\" data-e-type=\"section\">\n\t\t\t\t\t\t<div class=\"elementor-container elementor-column-gap-default\">\n\t\t\t\t\t<div class=\"elementor-column elementor-col-100 elementor-top-column elementor-element elementor-element-bbdd322\" data-id=\"bbdd322\" data-element_type=\"column\" data-e-type=\"column\">\n\t\t\t<div class=\"elementor-widget-wrap elementor-element-populated\">\n\t\t\t\t\t\t<div class=\"elementor-element elementor-element-9241ef9 elementor-widget elementor-widget-heading\" data-id=\"9241ef9\" data-element_type=\"widget\" data-e-type=\"widget\" data-widget_type=\"heading.default\">\n\t\t\t\t<div class=\"elementor-widget-container\">\n\t\t\t\t\t<h1 class=\"elementor-heading-title elementor-size-default\">Privacy Terms<\/h1>\t\t\t\t<\/div>\n\t\t\t\t<\/div>\n\t\t\t\t<div class=\"elementor-element elementor-element-e7907b1 elementor-widget elementor-widget-text-editor\" data-id=\"e7907b1\" data-element_type=\"widget\" data-e-type=\"widget\" data-widget_type=\"text-editor.default\">\n\t\t\t\t<div class=\"elementor-widget-container\">\n\t\t\t\t\t\t\t\t\t<h6>1. <b>Definition<\/b><\/h6><p>This Privacy Policy covers the BWelcome website which is accessible through the bwelcome-software.com domain.<\/p><h6><b>2. Warning<\/b><\/h6><p>Navigation and use of the BWelcome website is pending acceptance of the conditions set out in this policy. If you do not agree with it, you must leave the site.<\/p><h6><b>3. Security and privacy policy<\/b><\/h6><p class=\"translation-block\">UMan Xpert is concerned with your privacy and protects the information transmitted to you. <br> uMan Xpert establishes with you the compliance with the principles of legislation and data protection, respecting all national laws and regulations. <br> A uMan Xpert is not responsible to any users of this website for any damages arising from the use or disclosure of the information contained therein.<\/p><h6><b>4. Cookies<\/b><\/h6><p class=\"translation-block\"><b> 4.1 What are cookies? <\/b> <br> \"Cookies\" is a text string stored in a specific file and included in requests and responses of the Hypertext Transfer Protocol (HTTP - Hypertext Transfer Protocol). <br> Allows the registration of status information while browsing and when you return to a specific website, maintaining HTTP sessions.<\/p><p class=\"translation-block\"><b> 4.2 Why are Cookies used? <\/b> <br> For websites to work more efficiently and quickly; <br> To improve the level of security when using a restricted area; <br> Help to collect information that can best serve your interests; <br> Collect statistical information to improve the way you relate to customers and products.<\/p><p class=\"translation-block\"><b> 4.3 Benefits for the customer or user <br> <\/b> More security; <br> Do not repeatedly receive questions or information already viewed.<\/p><p class=\"translation-block\"><b>4.4 Disadvantages<\/b><br>Some cookies can be installed in the user's browser for some time and in addition there are cookies that can track the user's path on the companies' website.<br>What type of cookies BWelcome uses:<br>Essential \u2013 mandatory for the proper functioning of the website (user login for example);<br>Non-essential \u2013 It does not break the proper functioning of the website, but is used to improve the interaction of the website user;<br>Low-intrusive \u2013 used for observing the user, but does not provide any type of personal information (Google Analytics);<br>Very Intrusive \u2013 used for observing the user, providing personal data. This classification only serves as a reference, and a completely new one can be created or adapted to others and vice versa.<\/p><table width=\"100%\"><thead><tr><th align=\"left\"><strong>Cookie<\/strong><\/th><th align=\"left\"><strong>Designation<\/strong><\/th><th align=\"left\"><strong>Description<\/strong><\/th><th align=\"left\"><strong>Other Informations<\/strong><\/th><\/tr><\/thead><tbody><tr><td>Google Analytics<\/td><td>gat<br \/>gid<br \/>ga<br \/>Utmb<br \/>Utmt<br \/>Utmz<br \/>Utmc<br \/>utma<\/td><td>These cookies are intended to collect information about how visitors use the Internet website. The information collected is intended to help improve the website, and all information collected is strictly anonymous.<\/td><td>Para mais informa\u00e7\u00f5es visite o s\u00edtio da internet:<br \/>http:\/\/www.google.com\/analytics\/learn\/privacy.html<\/td><\/tr><tr><td>User Session<\/td><td>JSESSIONID<\/td><td><p>The purpose of this cookie is to register the user's session, allowing him to be connected whenever he accesses secure areas such as the client area and in this way to avoid having to ask for that information repeatedly for each page he browses. This cookie only exists as long as the user is logged in.<\/p><\/td><\/tr><\/tbody><\/table><p class=\"translation-block\"><b><br>BWelcome's Use of Cookies<\/b><br>All browsers allow you to accept, refuse or delete cookies by changing the parameters of your Internet browser. Changing the parameters can be done through the specific settings of your internet browser. Please note that refusing cookies may slow down access to the website and not allow access to certain areas of the website.<br>For more information about cookies, including what cookies have been installed and how they can be managed and deleted, visit www.allaboutcookies.org.<br>If you do not wish to be detected when visiting our site, you can do so via the link http:\/\/tools.google.com\/dlpage\/gaoptout<\/p><p>You can find information about controlling cookies according to your Internet browser in the following table:<\/p><table width=\"100%\"><thead><tr><th align=\"left\"><strong>Internet browser<\/strong><\/th><th align=\"left\"><strong>Site<\/strong><\/th><\/tr><\/thead><tbody><tr><td>Microsoft Edge<\/td><td>https:\/\/support.microsoft.com\/pt-pt\/help\/4027947\/windows-delete-cookies<\/td><\/tr><tr><td>Google Chrome<\/td><td>https:\/\/www.google.com\/chrome\/intl\/en-GB\/more\/privacy.html<\/td><\/tr><tr><td>Firefox<\/td><td>http:\/\/support.mozilla.org\/en-US\/kb\/Clear%20Recent%20History<\/td><\/tr><tr><td>Safari<\/td><td>http:\/\/support.apple.com\/kb\/PH5042<\/td><\/tr><tr><td>Opera<\/td><td>http:\/\/www.opera.com\/browser\/tutorials\/security\/privacy\/<\/td><\/tr><\/tbody><\/table><h6><b>5. Treatment of Personal Data<\/b><\/h6><p class=\"translation-block\"><b> 5.1 What is personal data? <\/b> <br> \u201cPersonal data\u201d is any information that can identify you either directly (for example, your name) or indirectly (for example, data presented under a pseudonym) , such as a unique identification number).<\/p><p class=\"translation-block\"><b>5.2 What data do we collect about you and how do we use it?<\/b><br>BWelcome may collect your data pursuant to a legal or normative imperative, a contractual relationship, a legitimate interest of the same (no to improve its products and services) and\/or informed consent.<\/p><p class=\"translation-block\"><b> 5.3 Who can access your personal data? <\/b> <br> We can share your personal data to fulfill legal or contractual obligations, to improve our products and services or after obtaining your consent.<\/p><p>Depending on the purpose for which they are collected, and exclusively as the need for knowledge, BWelcome may have access to some of your personal data; when possible the data are presented under a pseudonym (not allowing direct identification), and whenever necessary to provide you with the requested services.<\/p><p>There are external entities that help BWelcome, in providing IT services, such as web hosting and maintenance services, as well as the software and applications that may contain data about you (such services may sometimes involve accessing your data to perform required tasks).<\/p><p class=\"translation-block\"><b> 5.4 Where do we store your personal data? <\/b> <br> The data we collect from you and for which we are responsible is stored in a location in the European Union.<\/p><p class=\"translation-block\"><b> 5.5 How long do we keep your personal data? <\/b> <br> We only store your personal data for as long as necessary to achieve the purpose associated with processing them. To determine the data retention period, we use the following criteria:<\/p><p>When you hire the uMan Xpert software, we will store your data for as long as you are our customer.<\/p><p>When cookies are placed on your computer, uMan Xpert will keep them for as long as necessary to achieve its objectives (for example session cookies) defined in the chapter on cookies.<\/p><p>UMan Xpert may retain some of your personal data to fulfill its legal or regulatory obligations, as well as to manage your rights (for example to enforce petitions in Courts) or for statistical or historical purposes.<\/p><p>When the use of your personal data is no longer necessary, it will be removed from the uMan Xpert system or kept anonymously so that it cannot be identified from the data.<\/p><p>uMan Xpert is committed to keeping your personal data secure and takes all appropriate precautions to do so. As such, it is contractually required that trusted external entities that process your personal data on our behalf do the same.<\/p><p><b>5.6 General Information about the Processing of your data<\/b><\/p><table cellspacing=\"0\" cellpadding=\"0\"><tbody><tr><td style=\"border-color: #9a9a9a; padding: 1px 5px;\" valign=\"top\"><p style=\"margin-right: 0px; margin-bottom: 0px; margin-left: 0px; font-variant-numeric: normal; font-variant-east-asian: normal; font-stretch: normal; font-size: 12px; line-height: normal; font-family: 'Helvetica Neue';\"><b>Personal data<\/b><\/p><\/td><td style=\"border-color: #9a9a9a; padding: 1px 5px;\" valign=\"top\"><p style=\"margin-right: 0px; margin-bottom: 0px; margin-left: 0px; font-variant-numeric: normal; font-variant-east-asian: normal; font-stretch: normal; font-size: 12px; line-height: normal; font-family: 'Helvetica Neue';\"><b>Goal<\/b><\/p><\/td><td style=\"border-color: #9a9a9a; padding: 1px 5px;\" valign=\"top\"><p style=\"margin-right: 0px; margin-bottom: 0px; margin-left: 0px; font-variant-numeric: normal; font-variant-east-asian: normal; font-stretch: normal; font-size: 12px; line-height: normal; font-family: 'Helvetica Neue';\"><b>Fundation<\/b><\/p><\/td><td style=\"border-color: #9a9a9a; padding: 1px 5px;\" valign=\"top\"><p style=\"margin-right: 0px; margin-bottom: 0px; margin-left: 0px; font-variant-numeric: normal; font-variant-east-asian: normal; font-stretch: normal; font-size: 12px; line-height: normal; font-family: 'Helvetica Neue';\"><b>Responsible for Treatment<\/b><\/p><\/td><\/tr><tr><td style=\"border-color: #9a9a9a; padding: 1px 5px;\" valign=\"top\"><p style=\"margin-right: 0px; margin-bottom: 0px; margin-left: 0px; font-variant-numeric: normal; font-variant-east-asian: normal; font-stretch: normal; font-size: 12px; line-height: normal; font-family: 'Helvetica Neue';\">Name, Email, Phone, Role<\/p><\/td><td style=\"border-color: #9a9a9a; padding: 1px 5px;\" valign=\"top\"><p style=\"margin-right: 0px; margin-bottom: 0px; margin-left: 0px; font-variant-numeric: normal; font-variant-east-asian: normal; font-stretch: normal; font-size: 12px; line-height: normal; font-family: 'Helvetica Neue';\">Demo<\/p><\/td><td style=\"border-color: #9a9a9a; padding: 1px 5px;\" valign=\"top\"><p style=\"margin-right: 0px; margin-bottom: 0px; margin-left: 0px; font-variant-numeric: normal; font-variant-east-asian: normal; font-stretch: normal; font-size: 12px; line-height: normal; font-family: 'Helvetica Neue';\">Legitimate Interest<\/p><\/td><td style=\"border-color: #9a9a9a; padding: 1px 5px;\" valign=\"top\"><p style=\"margin-right: 0px; margin-bottom: 0px; margin-left: 0px; font-variant-numeric: normal; font-variant-east-asian: normal; font-stretch: normal; font-size: 12px; line-height: normal; font-family: 'Helvetica Neue';\">uMan Xpert<\/p><\/td><\/tr><tr><td style=\"border-color: #9a9a9a; padding: 1px 5px;\" valign=\"top\"><p style=\"margin-right: 0px; margin-bottom: 0px; margin-left: 0px; font-variant-numeric: normal; font-variant-east-asian: normal; font-stretch: normal; font-size: 12px; line-height: normal; font-family: 'Helvetica Neue';\">E-mail<\/p><\/td><td style=\"border-color: #9a9a9a; padding: 1px 5px;\" valign=\"top\"><p style=\"margin-right: 0px; margin-bottom: 0px; margin-left: 0px; font-variant-numeric: normal; font-variant-east-asian: normal; font-stretch: normal; font-size: 12px; line-height: normal; font-family: 'Helvetica Neue';\">Respond to contact request<\/p><\/td><td style=\"border-color: #9a9a9a; padding: 1px 5px;\" valign=\"top\"><p style=\"margin-right: 0px; margin-bottom: 0px; margin-left: 0px; font-variant-numeric: normal; font-variant-east-asian: normal; font-stretch: normal; font-size: 12px; line-height: normal; font-family: 'Helvetica Neue';\">Legitimate Interest<\/p><\/td><td style=\"border-color: #9a9a9a; padding: 1px 5px;\" valign=\"top\"><p style=\"margin-right: 0px; margin-bottom: 0px; margin-left: 0px; font-variant-numeric: normal; font-variant-east-asian: normal; font-stretch: normal; font-size: 12px; line-height: normal; font-family: 'Helvetica Neue';\">uMan Xpert<\/p><\/td><\/tr><tr><td style=\"border-color: #9a9a9a; padding: 1px 5px;\" valign=\"top\"><p style=\"margin-right: 0px; margin-bottom: 0px; margin-left: 0px; font-variant-numeric: normal; font-variant-east-asian: normal; font-stretch: normal; font-size: 12px; line-height: normal; font-family: 'Helvetica Neue';\">E-mail<\/p><\/td><td style=\"border-color: #9a9a9a; padding: 1px 5px;\" valign=\"top\"><p style=\"margin-right: 0px; margin-bottom: 0px; margin-left: 0px; font-variant-numeric: normal; font-variant-east-asian: normal; font-stretch: normal; font-size: 12px; line-height: normal; font-family: 'Helvetica Neue';\">Response to support request<\/p><\/td><td style=\"border-color: #9a9a9a; padding: 1px 5px;\" valign=\"top\"><p style=\"margin-right: 0px; margin-bottom: 0px; margin-left: 0px; font-variant-numeric: normal; font-variant-east-asian: normal; font-stretch: normal; font-size: 12px; line-height: normal; font-family: 'Helvetica Neue';\">Legitimate Interest<\/p><\/td><td style=\"border-color: #9a9a9a; padding: 1px 5px;\" valign=\"top\"><p style=\"margin-right: 0px; margin-bottom: 0px; margin-left: 0px; font-variant-numeric: normal; font-variant-east-asian: normal; font-stretch: normal; font-size: 12px; line-height: normal; font-family: 'Helvetica Neue';\">uMan Xpert<\/p><\/td><\/tr><tr><td style=\"border-color: #9a9a9a; padding: 1px 5px;\" valign=\"top\"><p style=\"margin-right: 0px; margin-bottom: 0px; margin-left: 0px; font-variant-numeric: normal; font-variant-east-asian: normal; font-stretch: normal; font-size: 12px; line-height: normal; font-family: 'Helvetica Neue';\">IP, browser, etc.<\/p><\/td><td style=\"border-color: #9a9a9a; padding: 1px 5px;\" valign=\"top\"><p style=\"margin-right: 0px; margin-bottom: 0px; margin-left: 0px; font-variant-numeric: normal; font-variant-east-asian: normal; font-stretch: normal; font-size: 12px; line-height: normal; font-family: 'Helvetica Neue';\">Tracking das visitas via Google Analytics<\/p><\/td><td style=\"border-color: #9a9a9a; padding: 1px 5px;\" valign=\"top\"><p style=\"margin-right: 0px; margin-bottom: 0px; margin-left: 0px; font-variant-numeric: normal; font-variant-east-asian: normal; font-stretch: normal; font-size: 12px; line-height: normal; font-family: 'Helvetica Neue';\">Legitimate Interest<\/p><\/td><td style=\"border-color: #9a9a9a; padding: 1px 5px;\" valign=\"top\"><p style=\"margin-right: 0px; margin-bottom: 0px; margin-left: 0px; font-variant-numeric: normal; font-variant-east-asian: normal; font-stretch: normal; font-size: 12px; line-height: normal; font-family: 'Helvetica Neue';\">uMan Xpert<\/p><\/td><\/tr><tr><td style=\"border-color: #9a9a9a; padding: 1px 5px;\" valign=\"top\"><p style=\"margin-right: 0px; margin-bottom: 0px; margin-left: 0px; font-variant-numeric: normal; font-variant-east-asian: normal; font-stretch: normal; font-size: 12px; line-height: normal; font-family: 'Helvetica Neue';\">Utiliza\u00e7\u00e3o de cookies<\/p><\/td><td style=\"border-color: #9a9a9a; padding: 1px 5px;\" valign=\"top\"><p style=\"margin-right: 0px; margin-bottom: 0px; margin-left: 0px; font-variant-numeric: normal; font-variant-east-asian: normal; font-stretch: normal; font-size: 12px; line-height: normal; font-family: 'Helvetica Neue';\">Access visitor metrics in order to understand, in a generic way, who the visitors are<\/p><\/td><td style=\"border-color: #9a9a9a; padding: 1px 5px;\" valign=\"top\"><p style=\"margin-right: 0px; margin-bottom: 0px; margin-left: 0px; font-variant-numeric: normal; font-variant-east-asian: normal; font-stretch: normal; font-size: 12px; line-height: normal; font-family: 'Helvetica Neue';\">Legitimate Interest<\/p><\/td><td style=\"border-color: #9a9a9a; padding: 1px 5px;\" valign=\"top\"><p style=\"margin-right: 0px; margin-bottom: 0px; margin-left: 0px; font-variant-numeric: normal; font-variant-east-asian: normal; font-stretch: normal; font-size: 12px; line-height: normal; font-family: 'Helvetica Neue';\">uMan Xpert<\/p><\/td><\/tr><\/tbody><\/table><p class=\"translation-block\"><b>5.7 Your Rights and Choices<\/b><br>The BWelcome<span style=\"color: var( --e-global-color-text );font-family: var( --e-global- typography-text-font-family ), Sans-serif;font-weight: var( --e-global-typography-text-font-weight );font-size: 1rem\"> respects your right to privacy and protection of your data: it is important that you are able to control your personal data.<\/span><\/p><p>You have the following rights:<\/p><p class=\"translation-block\"><u> The right to be informed <\/u> <br> You have the right to obtain clear, transparent and easily understandable information about how we use your personal data and about your rights. It is for this reason that we provide you with information in this Policy.<\/p><p><u>O direito de acesso<\/u><br \/>Tem direito de acesso aos dados pessoais que detemos sobre si (sujeito a determinadas limita\u00e7\u00f5es).<br \/>Podemos cobrar uma taxa razo\u00e1vel tendo em considera\u00e7\u00e3o o custo administrativo do fornecimento da informa\u00e7\u00e3o.<br \/>Pedidos manifestamente infundados, excessivos ou repetitivos poder\u00e3o n\u00e3o ser respondidos.<br \/>Para o fazer, contacte-nos por favor para os dados infra referidos.<\/p><p class=\"translation-block\"><u> The right to rectification <\/u> <br> You have the right to rectify your personal data if it is incorrect or out of date and \/ or to complete it if it is incomplete.<\/p><p class=\"translation-block\"><u> The right to erase \/ the right to be forgotten <\/u> <br> In some cases, you have the right to have your personal data deleted or deleted. Please note that this is not an absolute right, as we may have legal or legitimate grounds for the retention of your personal data. If you want us to delete your data, please contact us for the data set out below.<\/p><p class=\"translation-block\"><u> The right to object to direct marketing, including profiling <\/u> <br> You can delete your subscription or choose to be removed from our direct marketing communications at any time.<\/p><p class=\"translation-block\"><u> The right to withdraw consent for data processing based on consent at any time <\/u> <br> You can withdraw your consent to our processing of your data when said processing is based on your consent. Withdrawal of consent does not affect the legality of treatment based on consent prior to withdrawal.<\/p><p class=\"translation-block\"><u> The right to object to processing based on legitimate interests <\/u> <br> You can object to the processing of your data at any time when said processing is based on a legitimate interest. We refer to the table inserted in the section \u201cwhat data do we collect and how do we use it\u201d, especially the column \u201cWhat is the legal basis for the treatment of your data?\u201d to identify when our treatment is based on legitimate interests. <br> To do so, please contact us for the details at the end of this Policy.<\/p><p class=\"translation-block\"><u> The right to file a complaint with the supervisory authority <\/u> <br> You have the right to contact your country's data protection authority, in the case of Portugal, the CNPD, in order to file a complaint against the uMan Xpert data protection and privacy practices that are not permitted. <br> Do not hesitate to contact us for the data below before submitting a complaint to the competent data protection authority, namely the National Data Protection Commission .<\/p><p class=\"translation-block\"><u> The right to data portability <\/u> <br> You have the right to move, copy or transfer data from our database to another. The gift applies only to data that you have provided, when the treatment is based on your consent or in a contract and the treatment is carried out by automated means. <br> We refer to the tables inserted in the section \u201cwhat data we collect and how we use it\u201d , especially the column \u201cWhat is the legal basis for the treatment of your data?\u201d to identify when treatment is based on the performance of a contract or consent. <br> For more information, please contact us for the details at the end of this Policy.<\/p><p><u>O direito \u00e0 restri\u00e7\u00e3o<\/u><br \/>Tem direito a solicitar a restri\u00e7\u00e3o do tratamento dos seus dados. Este direito significa que o nosso tratamento dos seus dados \u00e9 restrito, portanto podemos armazen\u00e1-los, mas n\u00e3o os podemos utilizar, nem os submeter a tratamento adicional.<br \/>Aplica-se em circunst\u00e2ncias limitadas enumeradas pelo Regulamento Geral de Prote\u00e7\u00e3o de Dados.<\/p><p class=\"translation-block\"><u> The right to disable cookies <\/u> <br> You have the right to disable cookies. Internet search engine settings are normally programmed to accept Cookies by default, but you can easily adjust them by changing your search engine settings. <br> Many cookies are used to improve the use and functionality of websites \/ apps. <br> If you want to restrict or block all cookies that are set by our websites \/ apps (which may prevent you from using certain parts of the site), or any other websites \/ apps, you can do so through the settings your search engine, the explanation of which is set out in this Policy.<\/p><p>In order to process your request, we may request proof of your identity.<\/p><p class=\"translation-block\"><strong> 6. Other general provisions <\/strong> <br> uMan Xpert reserves the right, at any time and without prior notice, to change this Privacy Policy, but undertakes to notify all its users at a later stage.<\/p><p class=\"translation-block\"><strong> 7. Contacts <\/strong> <br> For any question related to this Privacy Policy and to exercise any of the rights mentioned above, you can contact uMan Xpert, through:<\/p><p>Centro Empresarial Ponte da Pedra<br \/>Rua Ponte da Pedra, 406<br \/>Edif\u00edcio AAA \u2013 Sala D<br \/>4470-108 Gueif\u00e3es \u2013 Maia<\/p><p class=\"translation-block\">Phone: +351 220 121 636<br>E-mail: privacidade@uman.pt<\/p>\t\t\t\t\t\t\t\t<\/div>\n\t\t\t\t<\/div>\n\t\t\t\t<div class=\"elementor-element elementor-element-eb33fc1 elementor-widget elementor-widget-image\" data-id=\"eb33fc1\" data-element_type=\"widget\" data-e-type=\"widget\" data-widget_type=\"image.default\">\n\t\t\t\t<div class=\"elementor-widget-container\">\n\t\t\t\t\t\t\t\t\t\t\t\t\t\t\t\t<a href=\"https:\/\/bwelcome-software.com\/en\/\">\n\t\t\t\t\t\t\t<img fetchpriority=\"high\" decoding=\"async\" width=\"800\" height=\"800\" src=\"https:\/\/bwelcome-software.com\/wp-content\/uploads\/2025\/01\/logo_-1024x1024.png\" class=\"attachment-large size-large wp-image-2853\" alt=\"\" srcset=\"https:\/\/bwelcome-software.com\/wp-content\/uploads\/2025\/01\/logo_-1024x1024.png 1024w, https:\/\/bwelcome-software.com\/wp-content\/uploads\/2025\/01\/logo_-300x300.png 300w, https:\/\/bwelcome-software.com\/wp-content\/uploads\/2025\/01\/logo_-150x150.png 150w, https:\/\/bwelcome-software.com\/wp-content\/uploads\/2025\/01\/logo_-768x768.png 768w, https:\/\/bwelcome-software.com\/wp-content\/uploads\/2025\/01\/logo_-12x12.png 12w, https:\/\/bwelcome-software.com\/wp-content\/uploads\/2025\/01\/logo_.png 1500w\" sizes=\"(max-width: 800px) 100vw, 800px\" \/>\t\t\t\t\t\t\t\t<\/a>\n\t\t\t\t\t\t\t\t\t\t\t\t\t\t\t<\/div>\n\t\t\t\t<\/div>\n\t\t\t\t\t<\/div>\n\t\t<\/div>\n\t\t\t\t\t<\/div>\n\t\t<\/section>\n\t\t\t\t<\/div>","protected":false},"excerpt":{"rendered":"<p>Pol\u00edtica de Privacidade 1. \u00c2mbito Esta Pol\u00edtica de Privacidade abrange o site BWelcome que est\u00e1 acess\u00edvel atrav\u00e9s do dom\u00ednio bwelcome-software.com. 2. Advert\u00eancia A navega\u00e7\u00e3o e uso do site BWelcome est\u00e1 pendente da aceita\u00e7\u00e3o das condi\u00e7\u00f5es previstas nesta pol\u00edtica. Caso n\u00e3o concorde com a mesma, deve abandonar o site. 3. Pol\u00edtica de Privacidade e Seguran\u00e7a A [&hellip;]<\/p>\n","protected":false},"author":2,"featured_media":2759,"parent":0,"menu_order":0,"comment_status":"closed","ping_status":"closed","template":"elementor_canvas","meta":{"footnotes":""},"class_list":["post-1120","page","type-page","status-publish","has-post-thumbnail","hentry"],"_links":{"self":[{"href":"https:\/\/bwelcome-software.com\/en\/wp-json\/wp\/v2\/pages\/1120","targetHints":{"allow":["GET"]}}],"collection":[{"href":"https:\/\/bwelcome-software.com\/en\/wp-json\/wp\/v2\/pages"}],"about":[{"href":"https:\/\/bwelcome-software.com\/en\/wp-json\/wp\/v2\/types\/page"}],"author":[{"embeddable":true,"href":"https:\/\/bwelcome-software.com\/en\/wp-json\/wp\/v2\/users\/2"}],"replies":[{"embeddable":true,"href":"https:\/\/bwelcome-software.com\/en\/wp-json\/wp\/v2\/comments?post=1120"}],"version-history":[{"count":0,"href":"https:\/\/bwelcome-software.com\/en\/wp-json\/wp\/v2\/pages\/1120\/revisions"}],"wp:featuredmedia":[{"embeddable":true,"href":"https:\/\/bwelcome-software.com\/en\/wp-json\/wp\/v2\/media\/2759"}],"wp:attachment":[{"href":"https:\/\/bwelcome-software.com\/en\/wp-json\/wp\/v2\/media?parent=1120"}],"curies":[{"name":"wp","href":"https:\/\/api.w.org\/{rel}","templated":true}]}}